{"id":19,"date":"2017-06-27T03:30:03","date_gmt":"2017-06-27T03:30:03","guid":{"rendered":"https:\/\/bearsthemes.com\/themes\/alone-societies\/?page_id=19"},"modified":"2021-06-14T13:45:53","modified_gmt":"2021-06-14T11:45:53","slug":"faq","status":"publish","type":"page","link":"https:\/\/fadak.de\/tr\/faq\/","title":{"rendered":"SSS"},"content":{"rendered":"<section data-vc-full-width=\"true\" data-vc-full-width-init=\"false\" class=\"vc_section vc_custom_1499313012705\"><div class=\"vc_row wpb_row vc_row-fluid\"><div class=\"wpb_column vc_column_container vc_col-sm-12\"><div class=\"vc_column-inner\"><div class=\"wpb_wrapper\"><div class=\"vc_tta-container\" data-vc-action=\"collapseAll\"><h2>S\u0131k\u00e7a Sorulan Sorular<\/h2><div class=\"vc_general vc_tta vc_tta-accordion vc_tta-color-grey vc_tta-style-flat vc_tta-shape-square vc_tta-spacing-10 vc_tta-controls-align-left vc_tta-o-all-clickable\"><div class=\"vc_tta-panels-container\"><div class=\"vc_tta-panels\"><div class=\"vc_tta-panel\" id=\"1614149926760-b584089d-0f0c\" data-vc-content=\".vc_tta-panel-body\"><div class=\"vc_tta-panel-heading\"><h4 class=\"vc_tta-panel-title vc_tta-controls-icon-position-left\"><a href=\"#1614149926760-b584089d-0f0c\" data-vc-accordion data-vc-container=\".vc_tta-container\"><span class=\"vc_tta-title-text\">FADAK resmi yard\u0131m kurulu\u015fumudur?<\/span><i class=\"vc_tta-controls-icon vc_tta-controls-icon-triangle\"><\/i><\/a><\/h4><\/div><div class=\"vc_tta-panel-body\">\n\t<div class=\"wpb_text_column wpb_content_element\" >\n\t\t<div class=\"wpb_wrapper\">\n\t\t\t<div class=\"accordion-content\" aria-hidden=\"false\">\n<p>Evet. Ayr\u0131ca Avrupa\u2019da Ehlibeyt Mektebine mensup olup birden \u00e7ok \u00fclkeye yard\u0131m yap\u0131lmas\u0131n\u0131 sa\u011flayan tek resmi te\u015fkilatt\u0131r.<\/p>\n<\/div>\n\n\t\t<\/div>\n\t<\/div>\n<\/div><\/div><div class=\"vc_tta-panel\" id=\"1614150142193-9385918c-b608\" data-vc-content=\".vc_tta-panel-body\"><div class=\"vc_tta-panel-heading\"><h4 class=\"vc_tta-panel-title vc_tta-controls-icon-position-left\"><a href=\"#1614150142193-9385918c-b608\" data-vc-accordion data-vc-container=\".vc_tta-container\"><span class=\"vc_tta-title-text\">FADAK\u2019\u0131n herhangi bir yere ba\u011fl\u0131l\u0131\u011f\u0131 varm\u0131d\u0131r?<\/span><i class=\"vc_tta-controls-icon vc_tta-controls-icon-triangle\"><\/i><\/a><\/h4><\/div><div class=\"vc_tta-panel-body\">\n\t<div class=\"wpb_text_column wpb_content_element\" >\n\t\t<div class=\"wpb_wrapper\">\n\t\t\t<div class=\"accordion-content\" aria-hidden=\"false\">\n<p>FADAK hi\u00e7bir camii, dernek veya resmi kuruma ba\u011fl\u0131 olmayan ba\u011f\u0131ms\u0131z bir Yard\u0131m Kurulu\u015fudur.<\/p>\n<\/div>\n\n\t\t<\/div>\n\t<\/div>\n<\/div><\/div><div class=\"vc_tta-panel\" id=\"1614150140789-96d68a0e-3778\" data-vc-content=\".vc_tta-panel-body\"><div class=\"vc_tta-panel-heading\"><h4 class=\"vc_tta-panel-title vc_tta-controls-icon-position-left\"><a href=\"#1614150140789-96d68a0e-3778\" data-vc-accordion data-vc-container=\".vc_tta-container\"><span class=\"vc_tta-title-text\">FADAK hangi \u00fclkelere yard\u0131m ula\u015ft\u0131rmaktad\u0131r?<\/span><i class=\"vc_tta-controls-icon vc_tta-controls-icon-triangle\"><\/i><\/a><\/h4><\/div><div class=\"vc_tta-panel-body\">\n\t<div class=\"wpb_text_column wpb_content_element\" >\n\t\t<div class=\"wpb_wrapper\">\n\t\t\t<div class=\"accordion-content\" aria-hidden=\"false\">\n<p>\u015eimdilik Afganistan, Azerbaycan, Filistin, Gana, Irak, Suriye, L\u00fcbnan, T\u00fcrkiye  ve Yemen\u2019deki ihtiya\u00e7 sahiplerine yard\u0131m ula\u015ft\u0131rmaktay\u0131z.<\/p>\n<\/div>\n\n\t\t<\/div>\n\t<\/div>\n<\/div><\/div><div class=\"vc_tta-panel\" id=\"1614150140607-4603703c-a2dc\" data-vc-content=\".vc_tta-panel-body\"><div class=\"vc_tta-panel-heading\"><h4 class=\"vc_tta-panel-title vc_tta-controls-icon-position-left\"><a href=\"#1614150140607-4603703c-a2dc\" data-vc-accordion data-vc-container=\".vc_tta-container\"><span class=\"vc_tta-title-text\">FADAK yard\u0131mlar\u0131 ihtiya\u00e7 sahiplerine nas\u0131l ula\u015ft\u0131rmaktad\u0131r?<\/span><i class=\"vc_tta-controls-icon vc_tta-controls-icon-triangle\"><\/i><\/a><\/h4><\/div><div class=\"vc_tta-panel-body\">\n\t<div class=\"wpb_text_column wpb_content_element\" >\n\t\t<div class=\"wpb_wrapper\">\n\t\t\t<div class=\"accordion-content\" aria-hidden=\"false\">\n<p>Yard\u0131mlar \u00fclkelere g\u00f6re ihtiya\u00e7 sahiplerine arac\u0131s\u0131z olarak veya o \u00fclkede bulunan proje orta\u011f\u0131m\u0131z olan kurulu\u015flar ile birlikte ula\u015ft\u0131r\u0131lmaktad\u0131r.  Proje ortaklar\u0131m\u0131z\u0131n g\u00fcvenirli\u011fi FADAK taraf\u0131ndan titizlikle ara\u015ft\u0131r\u0131lm\u0131\u015ft\u0131r.<\/p>\n<\/div>\n\n\t\t<\/div>\n\t<\/div>\n<\/div><\/div><div class=\"vc_tta-panel\" id=\"1614150140404-ba1b82bb-6284\" data-vc-content=\".vc_tta-panel-body\"><div class=\"vc_tta-panel-heading\"><h4 class=\"vc_tta-panel-title vc_tta-controls-icon-position-left\"><a href=\"#1614150140404-ba1b82bb-6284\" data-vc-accordion data-vc-container=\".vc_tta-container\"><span class=\"vc_tta-title-text\">Yap\u0131lan yard\u0131mlar hangi alanda kullan\u0131lmaktad\u0131r?<\/span><i class=\"vc_tta-controls-icon vc_tta-controls-icon-triangle\"><\/i><\/a><\/h4><\/div><div class=\"vc_tta-panel-body\">\n\t<div class=\"wpb_text_column wpb_content_element\" >\n\t\t<div class=\"wpb_wrapper\">\n\t\t\t<div class=\"accordion-content\" aria-hidden=\"false\">\n<p>Yap\u0131lan ba\u011f\u0131\u015flar \u00f6ncelikle dul ve yetimlerin g\u00fcnl\u00fck temel ihtiya\u00e7lar\u0131n\u0131n giderilmesinde, e\u011fitimlerinde, sa\u011fl\u0131k hizmetlerinden faydalanmalar\u0131nda kullan\u0131lmaktad\u0131r.<\/p>\n<\/div>\n\n\t\t<\/div>\n\t<\/div>\n<\/div><\/div><div class=\"vc_tta-panel\" id=\"1614150140053-3fd1d469-4cd5\" data-vc-content=\".vc_tta-panel-body\"><div class=\"vc_tta-panel-heading\"><h4 class=\"vc_tta-panel-title vc_tta-controls-icon-position-left\"><a href=\"#1614150140053-3fd1d469-4cd5\" data-vc-accordion data-vc-container=\".vc_tta-container\"><span class=\"vc_tta-title-text\">Hangi t\u00fcr ba\u011f\u0131\u015fta bulunabiliriz?<\/span><i class=\"vc_tta-controls-icon vc_tta-controls-icon-triangle\"><\/i><\/a><\/h4><\/div><div class=\"vc_tta-panel-body\">\n\t<div class=\"wpb_text_column wpb_content_element\" >\n\t\t<div class=\"wpb_wrapper\">\n\t\t\t<div class=\"accordion-content\" aria-hidden=\"false\">\n<p>\u015eimdilik sadece para ba\u011f\u0131\u015f\u0131 kabul ediyoruz, yani elbise ve ila\u00e7 gibi yard\u0131mlar\u0131 kabul edemiyoruz.<\/p>\n<\/div>\n\n\t\t<\/div>\n\t<\/div>\n<\/div><\/div><div class=\"vc_tta-panel\" id=\"1614150139574-19d42bc2-e8df\" data-vc-content=\".vc_tta-panel-body\"><div class=\"vc_tta-panel-heading\"><h4 class=\"vc_tta-panel-title vc_tta-controls-icon-position-left\"><a href=\"#1614150139574-19d42bc2-e8df\" data-vc-accordion data-vc-container=\".vc_tta-container\"><span class=\"vc_tta-title-text\">Sadaka, Nezir ve Adak bedelini de ba\u011f\u0131\u015f olarak verebilirmiyiz?<\/span><i class=\"vc_tta-controls-icon vc_tta-controls-icon-triangle\"><\/i><\/a><\/h4><\/div><div class=\"vc_tta-panel-body\">\n\t<div class=\"wpb_text_column wpb_content_element\" >\n\t\t<div class=\"wpb_wrapper\">\n\t\t\t<div class=\"accordion-content\" aria-hidden=\"false\">\n<p>Evet, bu konuda m\u00fcctehitlerden bunlar\u0131 kabul etme ve gerekli yerlerde kullanma iznimiz var.<\/p>\n<\/div>\n\n\t\t<\/div>\n\t<\/div>\n<\/div><\/div><div class=\"vc_tta-panel\" id=\"1614150138990-deaa4ea2-e04c\" data-vc-content=\".vc_tta-panel-body\"><div class=\"vc_tta-panel-heading\"><h4 class=\"vc_tta-panel-title vc_tta-controls-icon-position-left\"><a href=\"#1614150138990-deaa4ea2-e04c\" data-vc-accordion data-vc-container=\".vc_tta-container\"><span class=\"vc_tta-title-text\">Ba\u011f\u0131\u015flar\u0131m\u0131z\u0131 FADAK\u2019a nas\u0131l yapabiliriz?<\/span><i class=\"vc_tta-controls-icon vc_tta-controls-icon-triangle\"><\/i><\/a><\/h4><\/div><div class=\"vc_tta-panel-body\">\n\t<div class=\"wpb_text_column wpb_content_element\" >\n\t\t<div class=\"wpb_wrapper\">\n\t\t\t<div class=\"accordion-content\" aria-hidden=\"false\">\n<p>Makbuz kar\u015f\u0131l\u0131\u011f\u0131nda nakit para vererek, Banka hesab\u0131m\u0131za havale g\u00f6ndererek veya sayfam\u0131zda Online Ba\u011f\u0131\u015f yaparak. Ayr\u0131ca bize banka (\u0130BAN ve BIC) bilgilerinizi bildirerek ba\u011f\u0131\u015f\u0131n\u0131z\u0131 herhangi bir \u00fccret \u00f6demedende yapabilirsiniz.<\/p>\n<\/div>\n\n\t\t<\/div>\n\t<\/div>\n<\/div><\/div><div class=\"vc_tta-panel\" id=\"1617358678517-0fb2a109-b181\" data-vc-content=\".vc_tta-panel-body\"><div class=\"vc_tta-panel-heading\"><h4 class=\"vc_tta-panel-title vc_tta-controls-icon-position-left\"><a href=\"#1617358678517-0fb2a109-b181\" data-vc-accordion data-vc-container=\".vc_tta-container\"><span class=\"vc_tta-title-text\">FADAK\u2019a verece\u011fimiz ba\u011f\u0131\u015flar\u0131 vergiden d\u00fc\u015febilirmiyiz?<\/span><i class=\"vc_tta-controls-icon vc_tta-controls-icon-triangle\"><\/i><\/a><\/h4><\/div><div class=\"vc_tta-panel-body\">\n\t<div class=\"wpb_text_column wpb_content_element\" >\n\t\t<div class=\"wpb_wrapper\">\n\t\t\t<p>FADAK t\u00fcz\u00fc\u011f\u00fcnde yaz\u0131ld\u0131\u011f\u0131 gibi \u201ckamu yarar\u0131na\u201d (\u201cGemeinn\u00fctzigkeit\u201d) \u00e7al\u0131\u015fan dernek stat\u00fcs\u00fcn\u00fc almak i\u00e7in \u00e7al\u0131\u015fmalar\u0131n\u0131 s\u00fcrd\u00fcrmektedir. Bu stat\u00fcy\u00fc ald\u0131ktan sonra hem \u00f6zel hemde t\u00fczel ki\u015filer yapt\u0131klar\u0131 ba\u011f\u0131\u015flar\u0131 vergi beyannamelerinde gider olarak bildirebilirler.<\/p>\n\n\t\t<\/div>\n\t<\/div>\n<\/div><\/div><\/div><\/div><\/div><\/div><\/div><\/div><\/div><\/div><\/section><div class=\"vc_row-full-width vc_clearfix\"><\/div>","protected":false},"excerpt":{"rendered":"H\u00e4ufig gestellte Fragen (FAQ)Ist Fadak eine offiziell eingetragene Hilfsorganisation? Ja, Fadak ist eine offiziell eingetragene Hilfsorganisation, der \u00fcberdies die einzige&hellip;","protected":false},"author":1,"featured_media":0,"parent":0,"menu_order":0,"comment_status":"closed","ping_status":"closed","template":"","meta":[],"_links":{"self":[{"href":"https:\/\/fadak.de\/tr\/wp-json\/wp\/v2\/pages\/19"}],"collection":[{"href":"https:\/\/fadak.de\/tr\/wp-json\/wp\/v2\/pages"}],"about":[{"href":"https:\/\/fadak.de\/tr\/wp-json\/wp\/v2\/types\/page"}],"author":[{"embeddable":true,"href":"https:\/\/fadak.de\/tr\/wp-json\/wp\/v2\/users\/1"}],"replies":[{"embeddable":true,"href":"https:\/\/fadak.de\/tr\/wp-json\/wp\/v2\/comments?post=19"}],"version-history":[{"count":21,"href":"https:\/\/fadak.de\/tr\/wp-json\/wp\/v2\/pages\/19\/revisions"}],"predecessor-version":[{"id":2809,"href":"https:\/\/fadak.de\/tr\/wp-json\/wp\/v2\/pages\/19\/revisions\/2809"}],"wp:attachment":[{"href":"https:\/\/fadak.de\/tr\/wp-json\/wp\/v2\/media?parent=19"}],"curies":[{"name":"wp","href":"https:\/\/api.w.org\/{rel}","templated":true}]}}