{"id":2186,"date":"2021-02-24T08:24:47","date_gmt":"2021-02-24T07:24:47","guid":{"rendered":"http:\/\/new.fadak.de\/?page_id=2186"},"modified":"2021-04-22T09:52:55","modified_gmt":"2021-04-22T07:52:55","slug":"spenden","status":"publish","type":"page","link":"https:\/\/fadak.de\/tr\/spenden\/","title":{"rendered":"Ba\u011f\u0131\u015f"},"content":{"rendered":"<div class=\"vc_row wpb_row vc_row-fluid vc_custom_1614342647170\"><div class=\"wpb_column vc_column_container vc_col-sm-12\"><div class=\"vc_column-inner\"><div class=\"wpb_wrapper\">\n\t<div  class=\"wpb_single_image wpb_content_element vc_align_center  vc_custom_1614342723013\">\n\t\t\n\t\t<figure class=\"wpb_wrapper vc_figure\">\n\t\t\t<div class=\"vc_single_image-wrapper   vc_box_border_grey\"><img width=\"300\" height=\"57\" src=\"https:\/\/fadak.de\/wp-content\/uploads\/2021\/02\/logo-300x57.png\" class=\"vc_single_image-img attachment-medium\" alt=\"\" loading=\"lazy\" srcset=\"https:\/\/fadak.de\/wp-content\/uploads\/2021\/02\/logo-300x57.png 300w, https:\/\/fadak.de\/wp-content\/uploads\/2021\/02\/logo-1024x195.png 1024w, https:\/\/fadak.de\/wp-content\/uploads\/2021\/02\/logo-768x147.png 768w, https:\/\/fadak.de\/wp-content\/uploads\/2021\/02\/logo-600x115.png 600w, https:\/\/fadak.de\/wp-content\/uploads\/2021\/02\/logo.png 1048w\" sizes=\"(max-width: 300px) 100vw, 300px\" \/><\/div>\n\t\t<\/figure>\n\t<\/div>\n<\/div><\/div><\/div><\/div><div class=\"vc_row wpb_row vc_row-fluid\"><div class=\"wpb_column vc_column_container vc_col-sm-12\"><div class=\"vc_column-inner\"><div class=\"wpb_wrapper\">\n\t<div class=\"wpb_text_column wpb_content_element\" >\n\t\t<div class=\"wpb_wrapper\">\n\t\t\t<p>Maddi yard\u0131mlar\u0131n\u0131z\u0131 \u00e7e\u015fitli yollarla bize ula\u015ft\u0131rabilirsiniz:<\/p>\n\n\t\t<\/div>\n\t<\/div>\n<\/div><\/div><\/div><\/div><div class=\"vc_row wpb_row vc_row-fluid vc_custom_1614347944336 vc_row-has-fill\"><div class=\"wpb_column vc_column_container vc_col-sm-4\"><div class=\"vc_column-inner\"><div class=\"wpb_wrapper\"><section class=\"vc_cta3-container\" id=\"spenden-options\"><div class=\"vc_general vc_cta3 vc_cta3-style-3d vc_cta3-shape-rounded vc_cta3-align-left vc_cta3-color-classic vc_cta3-icon-size-md vc_cta3-actions-bottom\"><div class=\"vc_cta3_content-container\"><div class=\"vc_cta3-content\"><header class=\"vc_cta3-content-header\"><h2>Banka Havalesi<\/h2><\/header><p>Ba\u011f\u0131\u015f miktar\u0131n\u0131z\u0131 FADAK e.V. '\u0131n banka hesab\u0131na havele yolu ile kolay bir \u015fekilde g\u00f6ndererek ula\u015ft\u0131rabilirsiniz.<\/p>\n<\/div><div class=\"vc_cta3-actions\"><div class=\"vc_btn3-container vc_btn3-center\" >\n\t<a class=\"vc_general vc_btn3 vc_btn3-size-lg vc_btn3-shape-rounded vc_btn3-style-3d vc_btn3-block vc_btn3-icon-left vc_btn3-color-orange\" href=\"https:\/\/fadak.de\/tr\/spenden\/ueberweisung\/\" title=\"Banka Havalesi\"><i class=\"vc_btn3-icon fas fa-pen\"><\/i> \u015eimdi Ba\u011f\u0131\u015f Yap<\/a><\/div>\n<\/div><\/div><\/div><\/section><\/div><\/div><\/div><div class=\"wpb_column vc_column_container vc_col-sm-4\"><div class=\"vc_column-inner\"><div class=\"wpb_wrapper\"><section class=\"vc_cta3-container\" id=\"spenden-options\"><div class=\"vc_general vc_cta3 vc_cta3-style-3d vc_cta3-shape-rounded vc_cta3-align-left vc_cta3-color-classic vc_cta3-icon-size-md vc_cta3-actions-bottom\"><div class=\"vc_cta3_content-container\"><div class=\"vc_cta3-content\"><header class=\"vc_cta3-content-header\"><h2>\u00d6deme Talimat\u0131<\/h2><\/header><p>Bize banka (IBAN ve BIC) bilgilerinizi bildirerek ba\u011f\u0131\u015f\u0131n\u0131z\u0131 herhangi bir \u00fccret \u00f6demeden yapabilirsiniz.<\/p>\n<\/div><div class=\"vc_cta3-actions\"><div class=\"vc_btn3-container vc_btn3-center\" >\n\t<a class=\"vc_general vc_btn3 vc_btn3-size-lg vc_btn3-shape-rounded vc_btn3-style-3d vc_btn3-block vc_btn3-icon-left vc_btn3-color-orange\" href=\"https:\/\/fadak.de\/tr\/spenden\/lastschriftverfahren\/\" title=\"\u00d6deme Talimat\u0131\"><i class=\"vc_btn3-icon fas fa-money-check\"><\/i> \u015eimdi Ba\u011f\u0131\u015f Yap<\/a><\/div>\n<\/div><\/div><\/div><\/section><\/div><\/div><\/div><div class=\"wpb_column vc_column_container vc_col-sm-4\"><div class=\"vc_column-inner\"><div class=\"wpb_wrapper\"><section class=\"vc_cta3-container\" id=\"spenden-options\"><div class=\"vc_general vc_cta3 vc_cta3-style-3d vc_cta3-shape-rounded vc_cta3-align-left vc_cta3-color-classic vc_cta3-icon-size-md vc_cta3-actions-bottom\"><div class=\"vc_cta3_content-container\"><div class=\"vc_cta3-content\"><header class=\"vc_cta3-content-header\"><h2>Online Ba\u011f\u0131\u015f<\/h2><\/header><p>Arzu ederseniz yapaca\u011f\u0131n\u0131z yard\u0131m\u0131 h\u0131zl\u0131 ve kolay bir \u015fekilde \u201cBa\u011f\u0131\u015f\u201d b\u00f6l\u00fcm\u00fcnden bize ula\u015ft\u0131rabilirsiniz.<\/p>\n<\/div><div class=\"vc_cta3-actions\"><div class=\"vc_btn3-container vc_btn3-center\" >\n\t<a class=\"vc_general vc_btn3 vc_btn3-size-lg vc_btn3-shape-rounded vc_btn3-style-3d vc_btn3-block vc_btn3-icon-left vc_btn3-color-orange\" href=\"https:\/\/fadak.de\/tr\/spenden\/online-spende\/\" title=\"PayPal\"><i class=\"vc_btn3-icon fab fa-paypal\"><\/i> \u015eimdi Ba\u011f\u0131\u015f Yap<\/a><\/div>\n<\/div><\/div><\/div><\/section><\/div><\/div><\/div><\/div>","protected":false},"excerpt":{"rendered":"Sie haben mehrere M\u00f6glichkeiten, uns Ihre Spenden an bed\u00fcrftige Witwen und Waisen zu \u00fcberreichen: \u00dcberweisungDurch eine \u00dcberweisung k\u00f6nnen Sie ihre&hellip;","protected":false},"author":1,"featured_media":0,"parent":0,"menu_order":0,"comment_status":"closed","ping_status":"closed","template":"","meta":[],"_links":{"self":[{"href":"https:\/\/fadak.de\/tr\/wp-json\/wp\/v2\/pages\/2186"}],"collection":[{"href":"https:\/\/fadak.de\/tr\/wp-json\/wp\/v2\/pages"}],"about":[{"href":"https:\/\/fadak.de\/tr\/wp-json\/wp\/v2\/types\/page"}],"author":[{"embeddable":true,"href":"https:\/\/fadak.de\/tr\/wp-json\/wp\/v2\/users\/1"}],"replies":[{"embeddable":true,"href":"https:\/\/fadak.de\/tr\/wp-json\/wp\/v2\/comments?post=2186"}],"version-history":[{"count":25,"href":"https:\/\/fadak.de\/tr\/wp-json\/wp\/v2\/pages\/2186\/revisions"}],"predecessor-version":[{"id":2794,"href":"https:\/\/fadak.de\/tr\/wp-json\/wp\/v2\/pages\/2186\/revisions\/2794"}],"wp:attachment":[{"href":"https:\/\/fadak.de\/tr\/wp-json\/wp\/v2\/media?parent=2186"}],"curies":[{"name":"wp","href":"https:\/\/api.w.org\/{rel}","templated":true}]}}