{"id":2527,"date":"2021-04-02T14:33:36","date_gmt":"2021-04-02T12:33:36","guid":{"rendered":"http:\/\/new.fadak.de\/?page_id=2527"},"modified":"2021-04-06T09:50:55","modified_gmt":"2021-04-06T07:50:55","slug":"projekte","status":"publish","type":"page","link":"https:\/\/fadak.de\/tr\/projekte\/","title":{"rendered":"Projeler"},"content":{"rendered":"<section class=\"vc_section\"><div class=\"vc_row wpb_row vc_row-fluid\"><div class=\"wpb_column vc_column_container vc_col-sm-12\"><div class=\"vc_column-inner\"><div class=\"wpb_wrapper\">\n<div class=\"vc_grid-container-wrapper vc_clearfix\">\n\t<div class=\"vc_grid-container vc_clearfix wpb_content_element vc_basic_grid\" data-initial-loading-animation=\"fadeIn\" data-vc-grid-settings=\"{&quot;page_id&quot;:2527,&quot;style&quot;:&quot;all&quot;,&quot;action&quot;:&quot;vc_get_vc_grid_data&quot;,&quot;shortcode_id&quot;:&quot;1617695365175-1428ef36-9220-6&quot;,&quot;tag&quot;:&quot;vc_basic_grid&quot;}\" data-vc-request=\"https:\/\/fadak.de\/wp-admin\/admin-ajax.php\" data-vc-post-id=\"2527\" data-vc-public-nonce=\"6213f7db2d\">\n\t\t<style data-type=\"vc_shortcodes-custom-css\">.vc_custom_1419240516480{background-color: #f9f9f9 !important;}<\/style><ul class=\"vc_grid-filter vc_clearfix vc_grid-filter-default vc_grid-filter-size-md vc_grid-filter-center vc_grid-filter-color-orange\" data-vc-grid-filter=\"category\"><li class=\"vc_active vc_grid-filter-item\"><span data-vc-grid-filter-value=\"*\">T\u00fcm Projeler<\/span><\/li><li class=\"vc_grid-filter-item\"><span data-vc-grid-filter-value=\".vc_grid-term-78\">Su Kuyusu<\/span><\/li><li class=\"vc_grid-filter-item\"><span data-vc-grid-filter-value=\".vc_grid-term-77\">Klinik-Okul<\/span><\/li><li class=\"vc_grid-filter-item\"><span data-vc-grid-filter-value=\".vc_grid-term-75\">Kurban<\/span><\/li><li class=\"vc_grid-filter-item\"><span data-vc-grid-filter-value=\".vc_grid-term-76\">G\u0131da Paketi<\/span><\/li><li class=\"vc_grid-filter-item\"><span data-vc-grid-filter-value=\".vc_grid-term-73\">Acil Yard\u0131m<\/span><\/li><li class=\"vc_grid-filter-item\"><span data-vc-grid-filter-value=\".vc_grid-term-74\">Yetim ve Dul<\/span><\/li><\/ul><div class=\"vc_grid-filter-select vc_grid-filter-center vc_grid-filter-color-orange\" data-vc-grid-filter-select=\"category\"><div class=\"vc_grid-styled-select\"><select data-filter=\"category\"><option class=\"vc_active\" value=\"*\">T\u00fcm Projeler&nbsp;&nbsp;&nbsp;&nbsp;&nbsp;&nbsp;&nbsp;&nbsp;&nbsp;&nbsp;<\/option><option value=\".vc_grid-term-78\">Su Kuyusu&nbsp;&nbsp;&nbsp;&nbsp;&nbsp;&nbsp;&nbsp;&nbsp;&nbsp;&nbsp;<\/option><option value=\".vc_grid-term-77\">Klinik-Okul&nbsp;&nbsp;&nbsp;&nbsp;&nbsp;&nbsp;&nbsp;&nbsp;&nbsp;&nbsp;<\/option><option value=\".vc_grid-term-75\">Kurban&nbsp;&nbsp;&nbsp;&nbsp;&nbsp;&nbsp;&nbsp;&nbsp;&nbsp;&nbsp;<\/option><option value=\".vc_grid-term-76\">G\u0131da Paketi&nbsp;&nbsp;&nbsp;&nbsp;&nbsp;&nbsp;&nbsp;&nbsp;&nbsp;&nbsp;<\/option><option value=\".vc_grid-term-73\">Acil Yard\u0131m&nbsp;&nbsp;&nbsp;&nbsp;&nbsp;&nbsp;&nbsp;&nbsp;&nbsp;&nbsp;<\/option><option value=\".vc_grid-term-74\">Yetim ve Dul&nbsp;&nbsp;&nbsp;&nbsp;&nbsp;&nbsp;&nbsp;&nbsp;&nbsp;&nbsp;<\/option><\/select><i class=\"vc_arrow-icon-navicon\"><\/i>\n\t\t<\/div>\n\t<\/div><div class=\"vc_grid vc_row vc_grid-gutter-30px vc_pageable-wrapper vc_hook_hover\" data-vc-pageable-content=\"true\"><div class=\"vc_pageable-slide-wrapper vc_clearfix\" data-vc-grid-content=\"true\"><div class=\"vc_grid-item vc_clearfix vc_col-sm-4 vc_grid-item-zone-c-bottom vc_grid-term-76 vc_grid-term-1\"><div class=\"vc_grid-item-mini vc_clearfix\"><div class=\"vc_gitem-animated-block\" \"><div class=\"vc_gitem-zone vc_gitem-zone-a vc-gitem-zone-height-mode-auto vc-gitem-zone-height-mode-auto-1-1 vc_gitem-is-link\" style=\"background-image: url('https:\/\/fadak.de\/wp-content\/uploads\/2017\/07\/fdk-project-photo-ramazan-1.jpg') !important;\"><a href=\"https:\/\/fadak.de\/tr\/lebensmittelpaket-projekt\/\" title=\"G\u0131da Paketi\" class=\"vc_gitem-link vc-zone-link\"><\/a><img src=\"https:\/\/fadak.de\/wp-content\/uploads\/2017\/07\/fdk-project-photo-ramazan-1.jpg\" class=\"vc_gitem-zone-img\" alt=\"\"><div class=\"vc_gitem-zone-mini\"><\/div><\/div><\/div><div class=\"vc_gitem-zone vc_gitem-zone-c vc_custom_1419240516480\"><div class=\"vc_gitem-zone-mini\"><div class=\"vc_gitem_row vc_row vc_gitem-row-position-top\"><div class=\"vc_col-sm-12 vc_gitem-col vc_gitem-col-align-\"><div class=\"vc_custom_heading vc_gitem-post-data vc_gitem-post-data-source-post_title\" ><h4 style=\"text-align: left\" ><a href=\"https:\/\/fadak.de\/tr\/lebensmittelpaket-projekt\/\" class=\"vc_gitem-link\" title=\"G\u0131da Paketi\">G\u0131da Paketi<\/a><\/h4><\/div><div class=\"vc_custom_heading vc_gitem-post-data vc_gitem-post-data-source-post_excerpt\" ><p style=\"text-align: left\" ><a href=\"https:\/\/fadak.de\/tr\/lebensmittelpaket-projekt\/\" class=\"vc_gitem-link\" title=\"G\u0131da Paketi\"><p>Lebensmittelpaket-Projekt Im Monat Ramadan kannst du allen Bed\u00fcrftigen behilflich sein, die trotz der schwierigen Umst\u00e4nde dem Fasten nachgehen und damit&hellip;<\/p>\n<\/a><\/p><\/div><\/div><\/div><\/div><\/div><\/div><div class=\"vc_clearfix\"><\/div><\/div><div class=\"vc_grid-item vc_clearfix vc_col-sm-4 vc_grid-item-zone-c-bottom vc_grid-term-75 vc_grid-term-1\"><div class=\"vc_grid-item-mini vc_clearfix\"><div class=\"vc_gitem-animated-block\" \"><div class=\"vc_gitem-zone vc_gitem-zone-a vc-gitem-zone-height-mode-auto vc-gitem-zone-height-mode-auto-1-1 vc_gitem-is-link\" style=\"background-image: url('https:\/\/fadak.de\/wp-content\/uploads\/2017\/07\/fdk-project-photo-kurban-1.jpg') !important;\"><a href=\"https:\/\/fadak.de\/tr\/kurban-projekt\/\" title=\"Kurban\" class=\"vc_gitem-link vc-zone-link\"><\/a><img src=\"https:\/\/fadak.de\/wp-content\/uploads\/2017\/07\/fdk-project-photo-kurban-1.jpg\" class=\"vc_gitem-zone-img\" alt=\"\"><div class=\"vc_gitem-zone-mini\"><\/div><\/div><\/div><div class=\"vc_gitem-zone vc_gitem-zone-c vc_custom_1419240516480\"><div class=\"vc_gitem-zone-mini\"><div class=\"vc_gitem_row vc_row vc_gitem-row-position-top\"><div class=\"vc_col-sm-12 vc_gitem-col vc_gitem-col-align-\"><div class=\"vc_custom_heading vc_gitem-post-data vc_gitem-post-data-source-post_title\" ><h4 style=\"text-align: left\" ><a href=\"https:\/\/fadak.de\/tr\/kurban-projekt\/\" class=\"vc_gitem-link\" title=\"Kurban\">Kurban<\/a><\/h4><\/div><div class=\"vc_custom_heading vc_gitem-post-data vc_gitem-post-data-source-post_excerpt\" ><p style=\"text-align: left\" ><a href=\"https:\/\/fadak.de\/tr\/kurban-projekt\/\" class=\"vc_gitem-link\" title=\"Kurban\"><p>Kurban-Projekt Wir helfen ihnen dabei, ihre Opfergaben, Akika und die Kosten f\u00fcr eine islamische Schlachtung (Kurban) an die bed\u00fcrftigen Menschen&hellip;<\/p>\n<\/a><\/p><\/div><\/div><\/div><\/div><\/div><\/div><div class=\"vc_clearfix\"><\/div><\/div><div class=\"vc_grid-item vc_clearfix vc_col-sm-4 vc_grid-item-zone-c-bottom vc_grid-term-73 vc_grid-term-1\"><div class=\"vc_grid-item-mini vc_clearfix\"><div class=\"vc_gitem-animated-block\" \"><div class=\"vc_gitem-zone vc_gitem-zone-a vc-gitem-zone-height-mode-auto vc-gitem-zone-height-mode-auto-1-1 vc_gitem-is-link\" style=\"background-image: url('https:\/\/fadak.de\/wp-content\/uploads\/2017\/07\/fdk-project-photo-dul-2.jpg') !important;\"><a href=\"https:\/\/fadak.de\/tr\/nothilfe\/\" title=\"Acil Yard\u0131m\" class=\"vc_gitem-link vc-zone-link\"><\/a><img src=\"https:\/\/fadak.de\/wp-content\/uploads\/2017\/07\/fdk-project-photo-dul-2.jpg\" class=\"vc_gitem-zone-img\" alt=\"\"><div class=\"vc_gitem-zone-mini\"><\/div><\/div><\/div><div class=\"vc_gitem-zone vc_gitem-zone-c vc_custom_1419240516480\"><div class=\"vc_gitem-zone-mini\"><div class=\"vc_gitem_row vc_row vc_gitem-row-position-top\"><div class=\"vc_col-sm-12 vc_gitem-col vc_gitem-col-align-\"><div class=\"vc_custom_heading vc_gitem-post-data vc_gitem-post-data-source-post_title\" ><h4 style=\"text-align: left\" ><a href=\"https:\/\/fadak.de\/tr\/nothilfe\/\" class=\"vc_gitem-link\" title=\"Acil Yard\u0131m\">Acil Yard\u0131m<\/a><\/h4><\/div><div class=\"vc_custom_heading vc_gitem-post-data vc_gitem-post-data-source-post_excerpt\" ><p style=\"text-align: left\" ><a href=\"https:\/\/fadak.de\/tr\/nothilfe\/\" class=\"vc_gitem-link\" title=\"Acil Yard\u0131m\"><p>Nothilfe F\u00fcr die Nothilfe wird vorgesehen, die dringenden Bed\u00fcrfnisse derer zu decken, die unter Naturkatastrophen, Kriegen oder aus \u00e4hnlichen Gr\u00fcnden&hellip;<\/p>\n<\/a><\/p><\/div><\/div><\/div><\/div><\/div><\/div><div class=\"vc_clearfix\"><\/div><\/div><div class=\"vc_grid-item vc_clearfix vc_col-sm-4 vc_grid-item-zone-c-bottom vc_grid-term-1 vc_grid-term-74\"><div class=\"vc_grid-item-mini vc_clearfix\"><div class=\"vc_gitem-animated-block\" \"><div class=\"vc_gitem-zone vc_gitem-zone-a vc-gitem-zone-height-mode-auto vc-gitem-zone-height-mode-auto-1-1 vc_gitem-is-link\" style=\"background-image: url('https:\/\/fadak.de\/wp-content\/uploads\/2017\/07\/fdk-project-photo-yetim-1.jpg') !important;\"><a href=\"https:\/\/fadak.de\/tr\/waisenkind-projekt\/\" title=\"Yetim ve Dul\" class=\"vc_gitem-link vc-zone-link\"><\/a><img src=\"https:\/\/fadak.de\/wp-content\/uploads\/2017\/07\/fdk-project-photo-yetim-1.jpg\" class=\"vc_gitem-zone-img\" alt=\"\"><div class=\"vc_gitem-zone-mini\"><\/div><\/div><\/div><div class=\"vc_gitem-zone vc_gitem-zone-c vc_custom_1419240516480\"><div class=\"vc_gitem-zone-mini\"><div class=\"vc_gitem_row vc_row vc_gitem-row-position-top\"><div class=\"vc_col-sm-12 vc_gitem-col vc_gitem-col-align-\"><div class=\"vc_custom_heading vc_gitem-post-data vc_gitem-post-data-source-post_title\" ><h4 style=\"text-align: left\" ><a href=\"https:\/\/fadak.de\/tr\/waisenkind-projekt\/\" class=\"vc_gitem-link\" title=\"Yetim ve Dul\">Yetim ve Dul<\/a><\/h4><\/div><div class=\"vc_custom_heading vc_gitem-post-data vc_gitem-post-data-source-post_excerpt\" ><p style=\"text-align: left\" ><a href=\"https:\/\/fadak.de\/tr\/waisenkind-projekt\/\" class=\"vc_gitem-link\" title=\"Yetim ve Dul\"><p>Waisenkind-Projekt Der Prophet Muhammed (der Friede sei mit Ihm) sagte: \u201eJeder gl\u00e4ubige Mann und jede gl\u00e4ubige Frau, die f\u00fcr die&hellip;<\/p>\n<\/a><\/p><\/div><\/div><\/div><\/div><\/div><\/div><div class=\"vc_clearfix\"><\/div><\/div><div class=\"vc_grid-item vc_clearfix vc_col-sm-4 vc_grid-item-zone-c-bottom vc_grid-term-77 vc_grid-term-1\"><div class=\"vc_grid-item-mini vc_clearfix\"><div class=\"vc_gitem-animated-block\" \"><div class=\"vc_gitem-zone vc_gitem-zone-a vc-gitem-zone-height-mode-auto vc-gitem-zone-height-mode-auto-1-1 vc_gitem-is-link\" style=\"background-image: url('https:\/\/fadak.de\/wp-content\/uploads\/2017\/06\/schulprojekt-big-1.jpg') !important;\"><a href=\"https:\/\/fadak.de\/tr\/klinik-schule\/\" title=\"Klinik-Okul\" class=\"vc_gitem-link vc-zone-link\"><\/a><img src=\"https:\/\/fadak.de\/wp-content\/uploads\/2017\/06\/schulprojekt-big-1.jpg\" class=\"vc_gitem-zone-img\" alt=\"\"><div class=\"vc_gitem-zone-mini\"><\/div><\/div><\/div><div class=\"vc_gitem-zone vc_gitem-zone-c vc_custom_1419240516480\"><div class=\"vc_gitem-zone-mini\"><div class=\"vc_gitem_row vc_row vc_gitem-row-position-top\"><div class=\"vc_col-sm-12 vc_gitem-col vc_gitem-col-align-\"><div class=\"vc_custom_heading vc_gitem-post-data vc_gitem-post-data-source-post_title\" ><h4 style=\"text-align: left\" ><a href=\"https:\/\/fadak.de\/tr\/klinik-schule\/\" class=\"vc_gitem-link\" title=\"Klinik-Okul\">Klinik-Okul<\/a><\/h4><\/div><div class=\"vc_custom_heading vc_gitem-post-data vc_gitem-post-data-source-post_excerpt\" ><p style=\"text-align: left\" ><a href=\"https:\/\/fadak.de\/tr\/klinik-schule\/\" class=\"vc_gitem-link\" title=\"Klinik-Okul\"><p>Klinik-Schule Wir lassen Kliniken oder Schulen, die durch Krieg oder Naturkatastrophen besch\u00e4digt wurden, reparieren, liefern die ben\u00f6tigten Materialien und nehmen&hellip;<\/p>\n<\/a><\/p><\/div><\/div><\/div><\/div><\/div><\/div><div class=\"vc_clearfix\"><\/div><\/div><div class=\"vc_grid-item vc_clearfix vc_col-sm-4 vc_grid-item-zone-c-bottom vc_grid-term-78 vc_grid-term-1\"><div class=\"vc_grid-item-mini vc_clearfix\"><div class=\"vc_gitem-animated-block\" \"><div class=\"vc_gitem-zone vc_gitem-zone-a vc-gitem-zone-height-mode-auto vc-gitem-zone-height-mode-auto-1-1 vc_gitem-is-link\" style=\"background-image: url('https:\/\/fadak.de\/wp-content\/uploads\/2017\/06\/charitywater-750x422.jpg') !important;\"><a href=\"https:\/\/fadak.de\/tr\/brunnen\/\" title=\"Su Kuyusu\" class=\"vc_gitem-link vc-zone-link\"><\/a><img src=\"https:\/\/fadak.de\/wp-content\/uploads\/2017\/06\/charitywater-750x422.jpg\" class=\"vc_gitem-zone-img\" alt=\"\"><div class=\"vc_gitem-zone-mini\"><\/div><\/div><\/div><div class=\"vc_gitem-zone vc_gitem-zone-c vc_custom_1419240516480\"><div class=\"vc_gitem-zone-mini\"><div class=\"vc_gitem_row vc_row vc_gitem-row-position-top\"><div class=\"vc_col-sm-12 vc_gitem-col vc_gitem-col-align-\"><div class=\"vc_custom_heading vc_gitem-post-data vc_gitem-post-data-source-post_title\" ><h4 style=\"text-align: left\" ><a href=\"https:\/\/fadak.de\/tr\/brunnen\/\" class=\"vc_gitem-link\" title=\"Su Kuyusu\">Su Kuyusu<\/a><\/h4><\/div><div class=\"vc_custom_heading vc_gitem-post-data vc_gitem-post-data-source-post_excerpt\" ><p style=\"text-align: left\" ><a href=\"https:\/\/fadak.de\/tr\/brunnen\/\" class=\"vc_gitem-link\" title=\"Su Kuyusu\"><p>Brunnen Nach den Berichten der Vereinten Nationen und der Weltgesundheitsorganisation wird 750 Millionen Menschen das Trinkwasser entzogen. Der Mangel an&hellip;<\/p>\n<\/a><\/p><\/div><\/div><\/div><\/div><\/div><\/div><div class=\"vc_clearfix\"><\/div><\/div><\/div><\/div>\n\t<\/div>\n<\/div><\/div><\/div><\/div><\/div><\/section>","protected":false},"excerpt":{"rendered":"Alle ProjekteBrunnenKlinik-SchuleKurban-ProjektLebensmittelpaket-ProjektNothilfeWaisenkind-ProjektAlle Projekte&nbsp;&nbsp;&nbsp;&nbsp;&nbsp;&nbsp;&nbsp;&nbsp;&nbsp;&nbsp;Brunnen&nbsp;&nbsp;&nbsp;&nbsp;&nbsp;&nbsp;&nbsp;&nbsp;&nbsp;&nbsp;Klinik-Schule&nbsp;&nbsp;&nbsp;&nbsp;&nbsp;&nbsp;&nbsp;&nbsp;&nbsp;&nbsp;Kurban-Projekt&nbsp;&nbsp;&nbsp;&nbsp;&nbsp;&nbsp;&nbsp;&nbsp;&nbsp;&nbsp;Lebensmittelpaket-Projekt&nbsp;&nbsp;&nbsp;&nbsp;&nbsp;&nbsp;&nbsp;&nbsp;&nbsp;&nbsp;Nothilfe&nbsp;&nbsp;&nbsp;&nbsp;&nbsp;&nbsp;&nbsp;&nbsp;&nbsp;&nbsp;Waisenkind-Projekt&nbsp;&nbsp;&nbsp;&nbsp;&nbsp;&nbsp;&nbsp;&nbsp;&nbsp;&nbsp; Kurban-ProjektKurban-Projekt Wir helfen ihnen dabei, ihre Opfergaben, Akika und die Kosten f\u00fcr eine islamische Schlachtung (Kurban) an&hellip;","protected":false},"author":1,"featured_media":0,"parent":0,"menu_order":0,"comment_status":"closed","ping_status":"closed","template":"","meta":[],"_links":{"self":[{"href":"https:\/\/fadak.de\/tr\/wp-json\/wp\/v2\/pages\/2527"}],"collection":[{"href":"https:\/\/fadak.de\/tr\/wp-json\/wp\/v2\/pages"}],"about":[{"href":"https:\/\/fadak.de\/tr\/wp-json\/wp\/v2\/types\/page"}],"author":[{"embeddable":true,"href":"https:\/\/fadak.de\/tr\/wp-json\/wp\/v2\/users\/1"}],"replies":[{"embeddable":true,"href":"https:\/\/fadak.de\/tr\/wp-json\/wp\/v2\/comments?post=2527"}],"version-history":[{"count":14,"href":"https:\/\/fadak.de\/tr\/wp-json\/wp\/v2\/pages\/2527\/revisions"}],"predecessor-version":[{"id":2738,"href":"https:\/\/fadak.de\/tr\/wp-json\/wp\/v2\/pages\/2527\/revisions\/2738"}],"wp:attachment":[{"href":"https:\/\/fadak.de\/tr\/wp-json\/wp\/v2\/media?parent=2527"}],"curies":[{"name":"wp","href":"https:\/\/api.w.org\/{rel}","templated":true}]}}