{"id":2727,"date":"2021-04-06T08:09:20","date_gmt":"2021-04-06T06:09:20","guid":{"rendered":"http:\/\/new.fadak.de\/?page_id=2727"},"modified":"2021-04-06T08:09:20","modified_gmt":"2021-04-06T06:09:20","slug":"impressum","status":"publish","type":"page","link":"https:\/\/fadak.de\/tr\/impressum\/","title":{"rendered":"K\u00fcnye"},"content":{"rendered":"<section data-vc-full-width=\"true\" data-vc-full-width-init=\"false\" class=\"vc_section vc_custom_1499313012705\"><div class=\"vc_row wpb_row vc_row-fluid\"><div class=\"wpb_column vc_column_container vc_col-sm-12\"><div class=\"vc_column-inner\"><div class=\"wpb_wrapper\">\n\t<div class=\"wpb_text_column wpb_content_element\" >\n\t\t<div class=\"wpb_wrapper\">\n\t\t\t<h1>Impressum \/ K\u00fcnye<\/h1>\n<h3><strong>FADAK e.V<\/strong><\/h3>\n<p>Int. Hilfsorganisation<\/p>\n<p>&nbsp;<\/p>\n<p>Reuterstr. 93, 12053 Berlin<\/p>\n<p>Tel:\u00a0\u00a0\u00a0\u00a0\u00a0 +49 (0) 30 &#8211; 568 210 75<\/p>\n<p>Fax:\u00a0\u00a0\u00a0\u00a0 +49 (0) 30 &#8211; 568 210 76<\/p>\n<p>&nbsp;<\/p>\n<p>E-Mail: <a href=\"mailto:info@fadak.de\">info@fadak.de<\/a><\/p>\n<p>&nbsp;<\/p>\n<p>Vereinsregister: Amtsgericht Charlottenburg<\/p>\n<p>Register-Nr.: VR 35960 B<\/p>\n<p>\u00a9<br \/>\n<strong>Technische Umsetzung \/ Seitenmatrial \/ Logo \/ Marketingproduktion: <\/strong>grafikhane.de<\/p>\n<p>Alle auf dieser Internetseite enthaltenen Angaben und Informationen wurden sorgf\u00e4ltig recherchiert und gepr\u00fcft. F\u00fcr Richtigkeit, Vollst\u00e4ndigkeit und Aktualit\u00e4t \u00fcbernehmen wir keine Haftung. F\u00fcr Seiten Dritter auf die diese Seite verweist, tragen die jeweiligen Anbieter die Verantwortung. Inhalt und Struktur dieses Internetauftritts sind urheberrechtlich gesch\u00fctzt. Die Vervielf\u00e4ltigung von Inhalten oder Daten, insbesondere die Verwendung von Bildmaterial bedarf der vorherigen schriftlichen Genehmigung durch die Betreiber.<\/p>\n<p><strong>Urheberrecht<\/strong><\/p>\n<p>Alle auf dieser Website ver\u00f6ffentlichten Inhalte (Layout, Bilder, Grafiken,\u2026) unterliegen dem Urheberrecht. Jede vom Urheberrechtsgesetz nicht zugelassene Verwendung und Vervielf\u00e4ltigung bedarf vorheriger schriftlicher Zustimmung der jeweiligen Anbieter. Dies gilt insbesondere f\u00fcr Vervielf\u00e4ltiung, Bearbeitung, \u00dcbersetzung, Einspeicherung, Verarbeitung bzw. Wiedergabe von Inhalten in Datenbanken oder anderen elektronischen Medien und Systemen. Fotokopien und Downloads von Webseiten nur f\u00fcr den privaten, nicht kommerziellen Gebrauch d\u00fcrfen hergestellt werden. Die unerlaubte Reproduktion oder Weitergabe einzelner Inhalte oder kompletter Seiten wird Straf- und Zivilrechtlich verfolgt.<\/p>\n<p><strong>Verilerin Korunmas\u0131<\/strong><strong>\u00a0 <\/strong><\/p>\n<p><em><strong>DSGVO Datenschutz-Grundverordnung\u00a0 (f\u00fcr Detalierte Seite)<\/strong><\/em><\/p>\n<p>Die Nutzung unserer Webseite ist in der Regel ohne Angabe personenbezogener Daten m\u00f6glich. Soweit auf unseren Seiten personenbezogene Daten (beispielsweise Name, Anschrift oder eMail-Adressen) erhoben werden, erfolgt dies, soweit m\u00f6glich, stets auf freiwilliger Basis. Diese Daten werden ohne Ihre ausdr\u00fcckliche Zustimmung nicht an Dritte weitergegeben.<\/p>\n<p>Wir weisen darauf hin, dass die Daten\u00fcbertragung im Internet (z.B. bei der Kommunikation per E-Mail) Sicherheitsl\u00fccken aufweisen kann. Ein l\u00fcckenloser Schutz der Daten vor dem Zugriff durch Dritte ist nicht m\u00f6glich. Der Nutzung von im Rahmen der Impressumspflicht ver\u00f6ffentlichten Kontaktdaten durch Dritte zur \u00dcbersendung von nicht ausdr\u00fccklich angeforderter Werbung und Informationsmaterialien wird hiermit ausdr\u00fccklich widersprochen. Die Betreiber der Seiten behalten sich ausdr\u00fccklich rechtliche Schritte im Falle der unverlangten Zusendung von Werbeinformationen, etwa durch Spam-Mails, vor.<\/p>\n\n\t\t<\/div>\n\t<\/div>\n<\/div><\/div><\/div><\/div><\/section><div class=\"vc_row-full-width vc_clearfix\"><\/div>","protected":false},"excerpt":{"rendered":"Impressum \/ K\u00fcnye FADAK e.V Int. Hilfsorganisation &nbsp; Reuterstr. 93, 12053 Berlin Tel:\u00a0\u00a0\u00a0\u00a0\u00a0 +49 (0) 30 - 568 210 75&hellip;","protected":false},"author":1,"featured_media":0,"parent":0,"menu_order":0,"comment_status":"closed","ping_status":"closed","template":"","meta":[],"_links":{"self":[{"href":"https:\/\/fadak.de\/tr\/wp-json\/wp\/v2\/pages\/2727"}],"collection":[{"href":"https:\/\/fadak.de\/tr\/wp-json\/wp\/v2\/pages"}],"about":[{"href":"https:\/\/fadak.de\/tr\/wp-json\/wp\/v2\/types\/page"}],"author":[{"embeddable":true,"href":"https:\/\/fadak.de\/tr\/wp-json\/wp\/v2\/users\/1"}],"replies":[{"embeddable":true,"href":"https:\/\/fadak.de\/tr\/wp-json\/wp\/v2\/comments?post=2727"}],"version-history":[{"count":1,"href":"https:\/\/fadak.de\/tr\/wp-json\/wp\/v2\/pages\/2727\/revisions"}],"predecessor-version":[{"id":2728,"href":"https:\/\/fadak.de\/tr\/wp-json\/wp\/v2\/pages\/2727\/revisions\/2728"}],"wp:attachment":[{"href":"https:\/\/fadak.de\/tr\/wp-json\/wp\/v2\/media?parent=2727"}],"curies":[{"name":"wp","href":"https:\/\/api.w.org\/{rel}","templated":true}]}}